{"id":9396,"date":"2022-09-06T12:52:33","date_gmt":"2022-09-06T12:52:33","guid":{"rendered":"https:\/\/aestheticsizmir.com\/?page_id=9396"},"modified":"2024-04-18T08:06:10","modified_gmt":"2024-04-18T08:06:10","slug":"microfue-hair-transplantation","status":"publish","type":"page","link":"https:\/\/meltemkilic.com.tr\/tr\/hair-treatments\/microfue-hair-transplantation\/","title":{"rendered":"Mikrofue Sa\u00e7 Ekimi"},"content":{"rendered":"<div data-elementor-type=\"wp-page\" data-elementor-id=\"9396\" class=\"elementor elementor-9396\">\n\t\t\t\t\t\t\t\t\t<section class=\"elementor-section elementor-top-section elementor-element elementor-element-4c6e3f5 elementor-section-boxed elementor-section-height-default elementor-section-height-default qodef-elementor-content-no\" data-id=\"4c6e3f5\" data-element_type=\"section\">\n\t\t\t\t\t\t<div class=\"elementor-container elementor-column-gap-default\">\n\t\t\t\t\t<div class=\"elementor-column elementor-col-100 elementor-top-column elementor-element elementor-element-1c3988e\" data-id=\"1c3988e\" data-element_type=\"column\">\n\t\t\t<div class=\"elementor-widget-wrap elementor-element-populated\">\n\t\t\t\t\t\t\t\t<div class=\"elementor-element elementor-element-b27c75f elementor-invisible elementor-widget elementor-widget-touchup_core_section_title\" data-id=\"b27c75f\" data-element_type=\"widget\" data-settings=\"{&quot;_animation&quot;:&quot;fadeInDown&quot;}\" data-widget_type=\"touchup_core_section_title.default\">\n\t\t\t\t<div class=\"elementor-widget-container\">\n\t\t\t<div class=\"qodef-shortcode qodef-m  qodef-section-title qodef-alignment--center\">\n\t\t<h1 class=\"qodef-m-title\" >\n\t\t\t\t\tMikrofue Sa\u00e7 Ekimi\t\t\t<\/h1>\n\t<\/div>\t\t<\/div>\n\t\t\t\t<\/div>\n\t\t\t\t<div class=\"elementor-element elementor-element-8d15ab1 elementor-widget elementor-widget-spacer\" data-id=\"8d15ab1\" data-element_type=\"widget\" data-widget_type=\"spacer.default\">\n\t\t\t\t<div class=\"elementor-widget-container\">\n\t\t\t<style>\/*! elementor - v3.7.1 - 14-08-2022 *\/\n.elementor-column .elementor-spacer-inner{height:var(--spacer-size)}.e-container{--container-widget-width:100%}.e-container>.elementor-widget-spacer{width:var(--container-widget-width,var(--spacer-size));-ms-flex-item-align:stretch;align-self:stretch;-ms-flex-negative:0;flex-shrink:0}.e-container>.elementor-widget-spacer>.elementor-widget-container,.e-container>.elementor-widget-spacer>.elementor-widget-container>.elementor-spacer{height:100%}.e-container>.elementor-widget-spacer>.elementor-widget-container>.elementor-spacer>.elementor-spacer-inner{height:var(--container-widget-height,var(--spacer-size))}<\/style>\t\t<div class=\"elementor-spacer\">\n\t\t\t<div class=\"elementor-spacer-inner\"><\/div>\n\t\t<\/div>\n\t\t\t\t<\/div>\n\t\t\t\t<\/div>\n\t\t\t\t\t<\/div>\n\t\t<\/div>\n\t\t\t\t\t\t\t<\/div>\n\t\t<\/section>\n\t\t\t\t<section class=\"elementor-section elementor-top-section elementor-element elementor-element-a5b1ca3 elementor-section-boxed elementor-section-height-default elementor-section-height-default qodef-elementor-content-no\" data-id=\"a5b1ca3\" data-element_type=\"section\">\n\t\t\t\t\t\t<div class=\"elementor-container elementor-column-gap-default\">\n\t\t\t\t\t<div class=\"elementor-column elementor-col-66 elementor-top-column elementor-element elementor-element-9f9b5bc\" data-id=\"9f9b5bc\" data-element_type=\"column\">\n\t\t\t<div class=\"elementor-widget-wrap elementor-element-populated\">\n\t\t\t\t\t\t\t\t<div class=\"elementor-element elementor-element-06f4c01 elementor-invisible elementor-widget elementor-widget-image\" data-id=\"06f4c01\" data-element_type=\"widget\" data-settings=\"{&quot;_animation&quot;:&quot;fadeInDown&quot;}\" data-widget_type=\"image.default\">\n\t\t\t\t<div class=\"elementor-widget-container\">\n\t\t\t<style>\/*! elementor - v3.7.1 - 14-08-2022 *\/\n.elementor-widget-image{text-align:center}.elementor-widget-image a{display:inline-block}.elementor-widget-image a img[src$=\".svg\"]{width:48px}.elementor-widget-image img{vertical-align:middle;display:inline-block}<\/style>\t\t\t\t\t\t\t\t\t\t\t\t<img loading=\"lazy\" decoding=\"async\" width=\"900\" height=\"400\" src=\"https:\/\/meltemkilic.com.tr\/wp-content\/uploads\/2022\/09\/sac-ekimi-neden-onemlidir-900x400-1.jpg\" class=\"attachment-large size-large\" alt=\"\" srcset=\"https:\/\/meltemkilic.com.tr\/wp-content\/uploads\/2022\/09\/sac-ekimi-neden-onemlidir-900x400-1.jpg 900w, https:\/\/meltemkilic.com.tr\/wp-content\/uploads\/2022\/09\/sac-ekimi-neden-onemlidir-900x400-1-600x267.jpg 600w, https:\/\/meltemkilic.com.tr\/wp-content\/uploads\/2022\/09\/sac-ekimi-neden-onemlidir-900x400-1-300x133.jpg 300w, https:\/\/meltemkilic.com.tr\/wp-content\/uploads\/2022\/09\/sac-ekimi-neden-onemlidir-900x400-1-768x341.jpg 768w\" sizes=\"auto, (max-width: 900px) 100vw, 900px\" \/>\t\t\t\t\t\t\t\t\t\t\t\t\t\t\t<\/div>\n\t\t\t\t<\/div>\n\t\t\t\t<div class=\"elementor-element elementor-element-49c4001 elementor-invisible elementor-widget elementor-widget-qi_addons_for_elementor_dropcaps\" data-id=\"49c4001\" data-element_type=\"widget\" data-settings=\"{&quot;_animation&quot;:&quot;fadeInDown&quot;}\" data-widget_type=\"qi_addons_for_elementor_dropcaps.default\">\n\t\t\t\t<div class=\"elementor-widget-container\">\n\t\t\t<div class=\"qodef-shortcode qodef-m  qodef-qi-dropcaps\">\n\t\t\t<span class=\"qodef-m-letter\">\n\t\t\tE\t\t<\/span>\n\t\t<p class=\"qodef-m-text\">\n\t\t\tMikro FUE sa\u00e7 ekimi hakk\u0131nda merak etti\u011finiz her \u015fey bu yaz\u0131da.\n\nFUE sa\u00e7 ekimi tekni\u011fi sayesinde sa\u00e7 ekiminde diki\u015f ve ne\u015fter kullan\u0131m\u0131 ortadan kalkm\u0131\u015ft\u0131r. FUE tekni\u011fi, sa\u00e7 ekimi alan\u0131nda bir\u00e7ok yenili\u011fe \u00f6nc\u00fcl\u00fck etmi\u015ftir. FUE tekni\u011finde, sa\u00e7 k\u00f6kleri don\u00f6r b\u00f6lgeden tek tek al\u0131nabilir. Bu teknik, mikro FUE ile daha da geli\u015ftirilmi\u015ftir.\t\t<\/p>\n\t<\/div>\n\t\t<\/div>\n\t\t\t\t<\/div>\n\t\t\t\t<div class=\"elementor-element elementor-element-c4d80fa elementor-invisible elementor-widget elementor-widget-text-editor\" data-id=\"c4d80fa\" data-element_type=\"widget\" data-settings=\"{&quot;_animation&quot;:&quot;fadeInDown&quot;}\" data-widget_type=\"text-editor.default\">\n\t\t\t\t<div class=\"elementor-widget-container\">\n\t\t\t<style>\/*! elementor - v3.7.1 - 14-08-2022 *\/\n.elementor-widget-text-editor.elementor-drop-cap-view-stacked .elementor-drop-cap{background-color:#818a91;color:#fff}.elementor-widget-text-editor.elementor-drop-cap-view-framed .elementor-drop-cap{color:#818a91;border:3px solid;background-color:transparent}.elementor-widget-text-editor:not(.elementor-drop-cap-view-default) .elementor-drop-cap{margin-top:8px}.elementor-widget-text-editor:not(.elementor-drop-cap-view-default) .elementor-drop-cap-letter{width:1em;height:1em}.elementor-widget-text-editor .elementor-drop-cap{float:left;text-align:center;line-height:1;font-size:50px}.elementor-widget-text-editor .elementor-drop-cap-letter{display:inline-block}<\/style>\t\t\t\t<h4>Mikro FUE Sa\u00e7 Ekimi Nedir?<\/h4><p><b>Mikro FUE<\/b>\u00a0Don\u00f6r b\u00f6lgeden al\u0131nan sa\u00e7 k\u00f6klerinin, ince u\u00e7lu mikro motor aletlerle kafa derisinden gev\u015fetilerek \u00e7\u0131kar\u0131lmas\u0131 i\u015flemine verilen add\u0131r. U\u00e7lar 0,6 ila 0,9 mm \u00e7ap\u0131ndad\u0131r. Ciltte olduk\u00e7a k\u00fc\u00e7\u00fck daireler a\u00e7\u0131l\u0131r ve bu u\u00e7larla sa\u00e7 k\u00f6k\u00fc \u00e7evre dokudan ayr\u0131l\u0131r. Mikro FUE genellikle bir teknik olarak bilinir. Ancak, FUE tekni\u011finin geli\u015ftirilmi\u015f versiyonudur.<\/p><p>Bir di\u011fer avantaj\u0131\u00a0<b>mikro sa\u00e7 ekimi<\/b>\u00a0Greft toplamada kullan\u0131lan u\u00e7lar\u0131n \u00e7ok k\u00fc\u00e7\u00fck olmas\u0131, don\u00f6r b\u00f6lgeye yap\u0131lan m\u00fcdahaleyi ve travmay\u0131 en aza indirir.<\/p><h4>Mikro FUE Sa\u00e7 Ekimi A\u015famalar\u0131<\/h4><p>\u0130\u00e7inde oldu\u011fu gibi\u00a0<b>FUE tekni\u011fi<\/b>Mikro FUE tekni\u011finde greftler tek tek \u00e7\u0131kar\u0131l\u0131r. Greftler, mikro punch ad\u0131 verilen \u00f6zel aletlerle \u00e7\u0131kar\u0131l\u0131r. 0,6-0,9 mm \u00e7ap\u0131ndaki bu aletlerin u\u00e7lar\u0131, don\u00f6r b\u00f6lgedeki sa\u00e7 k\u00f6klerinin etraf\u0131nda k\u00fc\u00e7\u00fck kesiler olu\u015fturarak greftlerin dokular\u0131ndan ayr\u0131lmas\u0131n\u0131 sa\u011flar. Bu u\u00e7lar, mikromotor veya manuel ad\u0131 verilen cihazlara ba\u011flanarak kullan\u0131l\u0131r.<\/p><p>Tek veya \u00e7ift sa\u00e7 k\u00f6k\u00fc i\u00e7eren greftler daha k\u00fc\u00e7\u00fck u\u00e7lu pun\u00e7larla toplan\u0131r. D\u00f6rt veya daha fazla sa\u00e7 k\u00f6k\u00fc i\u00e7eren greftler ise daha b\u00fcy\u00fck u\u00e7lu punchlarla toplan\u0131r.<\/p><h4>Mikro FUE Tekni\u011fiyle Greftlerin Nakli<\/h4><p>\u0130\u00e7inde\u00a0<b>mikro FUE sa\u00e7 ekim tekni\u011fi<\/b>Mikro u\u00e7larla toplanan sa\u00e7 k\u00f6kleri, kel b\u00f6lgelere dikkatlice yerle\u015ftirilir. Sa\u00e7 k\u00f6kleri ekilirken, sa\u00e7 \u00e7\u0131k\u0131\u015f a\u00e7\u0131s\u0131na ve sa\u00e7 yo\u011funlu\u011funa dikkat edilir. Sa\u00e7 k\u00f6kleri ekilirken belirli bir s\u0131ra izlenir.<\/p><p>\u2022 \u00d6n s\u0131ralara (\u00f6n sa\u00e7 \u00e7izgisine) tekli ve ikili greftler transfer edilir.<\/p><p>\u2022 Ba\u015f\u0131n orta k\u0131s\u0131mlar\u0131na 3 ve 4 greft nakledilir.<\/p><p>\u2022 Tepe b\u00f6lgesine 4'ten fazla sa\u00e7 k\u00f6k\u00fc bulunan greftler transfer edilir.<\/p><h4>Mikro FUE Sa\u00e7 Ekiminin Avantajlar\u0131<\/h4><p>\u2022 Daha do\u011fal bir g\u00f6r\u00fcn\u00fcm elde edilir.<b>\u00a0mikro FUE sa\u00e7 ekimi<\/b>.<\/p><p>\u2022 Daha yo\u011fun<b>\u00a0Sa\u00e7 Ekimi<\/b>\u00a0yap\u0131labilir.<\/p><p>\u2022 Ba\u015far\u0131 oran\u0131 daha y\u00fcksektir.<\/p><p>\u2022 Don\u00f6r b\u00f6lge daha az hasar g\u00f6r\u00fcr.<\/p><p>\u2022 \u0130yile\u015fme s\u00fcreci daha h\u0131zl\u0131d\u0131r.<\/p><h4>Mikro FUE Sa\u00e7 Ekimi Maliyetleri<\/h4><p><b>Sa\u00e7 ekimi fiyatlar\u0131<\/b>\u00a0Sa\u00e7 ekimi fiyatlar\u0131n\u0131 etkileyen bir\u00e7ok fakt\u00f6r vard\u0131r. Doktorun deneyimi, klinik, operasyonun ger\u00e7ekle\u015ftirilece\u011fi \u00fclke, hastan\u0131n sa\u00e7 d\u00f6k\u00fclme derecesi gibi fakt\u00f6rler sa\u00e7 ekimi fiyatlar\u0131n\u0131 etkiler. ABD'de Mikro FUE sa\u00e7 ekimi fiyatlar\u0131\u00a0<b>T\u00fcrkiye'de mikro FUE sa\u00e7 ekimi maliyetleri<\/b>Ayn\u0131 de\u011filsiniz. Fiyatlar hakk\u0131nda detayl\u0131 bilgi i\u00e7in bu sayfay\u0131 ziyaret edin.<\/p><h4>Mikro Safir FUE Sa\u00e7 Ekimi Nedir?<\/h4><p>Safir u\u00e7larla da mikro FUE sa\u00e7 ekimi yap\u0131labilmektedir.<b>\u00a0Mikro Safir FUE sa\u00e7 ekimi<\/b>\u00a0Sa\u00e7 ekimi operasyonunda operasyon s\u0131ras\u0131nda kullan\u0131lan t\u00fcm aletler safir madeninden yap\u0131l\u0131r. Safir, t\u0131pk\u0131 alt\u0131n gibi insan cildiyle uyumludur.<\/p><p>Safir u\u00e7larla yap\u0131lan sa\u00e7 ekiminde travma en aza indirilir. \u0130yile\u015fme daha da h\u0131zl\u0131 ger\u00e7ekle\u015fir. Mikro safir FUE sa\u00e7 ekimi fiyatlar\u0131,\u00a0<b>Mikro FUE sa\u00e7 ekimi fiyatlar\u0131<\/b>\u00c7\u00fcnk\u00fc operasyonda kullan\u0131lacak safir u\u00e7lar \u00e7elik u\u00e7lara g\u00f6re daha pahal\u0131d\u0131r.<\/p>\t\t\t\t\t\t<\/div>\n\t\t\t\t<\/div>\n\t\t\t\t<section class=\"elementor-section elementor-inner-section elementor-element elementor-element-2cfdc94 elementor-section-boxed elementor-section-height-default elementor-section-height-default qodef-elementor-content-no\" data-id=\"2cfdc94\" data-element_type=\"section\">\n\t\t\t\t\t\t<div class=\"elementor-container elementor-column-gap-default\">\n\t\t\t\t\t<div class=\"elementor-column elementor-col-50 elementor-inner-column elementor-element elementor-element-ee32497\" data-id=\"ee32497\" data-element_type=\"column\">\n\t\t\t<div class=\"elementor-widget-wrap elementor-element-populated\">\n\t\t\t\t\t\t\t\t<div class=\"elementor-element elementor-element-c2ed826 elementor-invisible elementor-widget elementor-widget-qi_addons_for_elementor_button\" data-id=\"c2ed826\" data-element_type=\"widget\" data-settings=\"{&quot;_animation&quot;:&quot;zoomIn&quot;}\" data-widget_type=\"qi_addons_for_elementor_button.default\">\n\t\t\t\t<div class=\"elementor-widget-container\">\n\t\t\t<a class=\"qodef-shortcode qodef-m  qodef-qi-button qodef-html--link qodef-layout--outlined qodef-type--standard qodef-size--large  qodef-icon--left qodef-hover--icon-move-horizontal-short   qodef-text-underline qodef-underline--right\" href=\"https:\/\/meltemkilic.com.tr\/tr\/contact\/\" target=\"_self\">\n\t<span class=\"qodef-m-text\">Randevu Al<\/span>\n\t\t<span class=\"qodef-m-icon\">\n\t\t<span class=\"qodef-m-icon-inner\">\n\t\t\t<i aria-hidden=\"true\" class=\"far fa-hand-point-right\"><\/i>\t\t\t\t\t<\/span>\n\t<\/span>\n<\/a>\n\t\t<\/div>\n\t\t\t\t<\/div>\n\t\t\t\t\t<\/div>\n\t\t<\/div>\n\t\t\t\t<div class=\"elementor-column elementor-col-50 elementor-inner-column elementor-element elementor-element-91f538a\" data-id=\"91f538a\" data-element_type=\"column\">\n\t\t\t<div class=\"elementor-widget-wrap elementor-element-populated\">\n\t\t\t\t\t\t\t\t<div class=\"elementor-element elementor-element-c76fcc0 elementor-invisible elementor-widget elementor-widget-qi_addons_for_elementor_button\" data-id=\"c76fcc0\" data-element_type=\"widget\" data-settings=\"{&quot;_animation&quot;:&quot;zoomIn&quot;}\" data-widget_type=\"qi_addons_for_elementor_button.default\">\n\t\t\t\t<div class=\"elementor-widget-container\">\n\t\t\t<a class=\"qodef-shortcode qodef-m  qodef-qi-button qodef-html--link qodef-layout--outlined qodef-type--standard qodef-size--large  qodef-icon--left qodef-hover--icon-move-horizontal-short   qodef-text-underline qodef-underline--right\" href=\"tel:+905462140350\" target=\"_self\">\n\t<span class=\"qodef-m-text\">Telefon Et<\/span>\n\t\t<span class=\"qodef-m-icon\">\n\t\t<span class=\"qodef-m-icon-inner\">\n\t\t\t<i aria-hidden=\"true\" class=\"fas fa-phone-alt\"><\/i>\t\t\t\t\t<\/span>\n\t<\/span>\n<\/a>\n\t\t<\/div>\n\t\t\t\t<\/div>\n\t\t\t\t\t<\/div>\n\t\t<\/div>\n\t\t\t\t\t\t\t<\/div>\n\t\t<\/section>\n\t\t\t\t\t<\/div>\n\t\t<\/div>\n\t\t\t\t<div class=\"elementor-column elementor-col-33 elementor-top-column elementor-element elementor-element-390945b elementor-invisible\" data-id=\"390945b\" data-element_type=\"column\" data-settings=\"{&quot;animation&quot;:&quot;fadeInDown&quot;}\">\n\t\t\t<div class=\"elementor-widget-wrap elementor-element-populated\">\n\t\t\t\t\t\t\t\t<div class=\"elementor-element elementor-element-227cfb6 elementor-widget elementor-widget-touchup_core_section_title\" data-id=\"227cfb6\" data-element_type=\"widget\" data-widget_type=\"touchup_core_section_title.default\">\n\t\t\t\t<div class=\"elementor-widget-container\">\n\t\t\t<div class=\"qodef-shortcode qodef-m  qodef-section-title qodef-alignment--left\">\n\t\t<h3 class=\"qodef-m-title\" >\n\t\t\t\t\tSa\u00e7 Tedavileri\t\t\t<\/h3>\n\t<\/div>\t\t<\/div>\n\t\t\t\t<\/div>\n\t\t\t\t<div class=\"elementor-element elementor-element-c4c26c8 elementor-icon-list--layout-traditional elementor-list-item-link-full_width elementor-widget elementor-widget-icon-list\" data-id=\"c4c26c8\" data-element_type=\"widget\" data-widget_type=\"icon-list.default\">\n\t\t\t\t<div class=\"elementor-widget-container\">\n\t\t\t<link rel=\"stylesheet\" href=\"https:\/\/meltemkilic.com.tr\/wp-content\/plugins\/elementor\/assets\/css\/widget-icon-list.min.css\">\t\t<ul class=\"elementor-icon-list-items\">\n\t\t\t\t\t\t\t<li class=\"elementor-icon-list-item\">\n\t\t\t\t\t\t\t\t\t\t\t<a href=\"https:\/\/meltemkilic.com.tr\/tr\/hair-treatments\/hair-transplantation\/\">\n\n\t\t\t\t\t\t\t\t\t\t\t\t<span class=\"elementor-icon-list-icon\">\n\t\t\t\t\t\t\t<i aria-hidden=\"true\" class=\"fas fa-circle\"><\/i>\t\t\t\t\t\t<\/span>\n\t\t\t\t\t\t\t\t\t\t<span class=\"elementor-icon-list-text\">Sa\u00e7 Ekimi<\/span>\n\t\t\t\t\t\t\t\t\t\t\t<\/a>\n\t\t\t\t\t\t\t\t\t<\/li>\n\t\t\t\t\t\t\t\t<li class=\"elementor-icon-list-item\">\n\t\t\t\t\t\t\t\t\t\t\t<a href=\"https:\/\/meltemkilic.com.tr\/tr\/hair-treatments\/microfue-hair-transplantation\/\">\n\n\t\t\t\t\t\t\t\t\t\t\t\t<span class=\"elementor-icon-list-icon\">\n\t\t\t\t\t\t\t<i aria-hidden=\"true\" class=\"fas fa-circle\"><\/i>\t\t\t\t\t\t<\/span>\n\t\t\t\t\t\t\t\t\t\t<span class=\"elementor-icon-list-text\">Mikrofue Sa\u00e7 Ekimi<\/span>\n\t\t\t\t\t\t\t\t\t\t\t<\/a>\n\t\t\t\t\t\t\t\t\t<\/li>\n\t\t\t\t\t\t\t\t<li class=\"elementor-icon-list-item\">\n\t\t\t\t\t\t\t\t\t\t\t<a href=\"https:\/\/meltemkilic.com.tr\/tr\/hair-treatments\/dhi-hair-transplantation\/\">\n\n\t\t\t\t\t\t\t\t\t\t\t\t<span class=\"elementor-icon-list-icon\">\n\t\t\t\t\t\t\t<i aria-hidden=\"true\" class=\"fas fa-circle\"><\/i>\t\t\t\t\t\t<\/span>\n\t\t\t\t\t\t\t\t\t\t<span class=\"elementor-icon-list-text\">DHI Sa\u00e7 Ekimi<\/span>\n\t\t\t\t\t\t\t\t\t\t\t<\/a>\n\t\t\t\t\t\t\t\t\t<\/li>\n\t\t\t\t\t\t\t\t<li class=\"elementor-icon-list-item\">\n\t\t\t\t\t\t\t\t\t\t\t<a href=\"https:\/\/meltemkilic.com.tr\/tr\/hair-treatments\/unshaved-hair-transplantation\/\">\n\n\t\t\t\t\t\t\t\t\t\t\t\t<span class=\"elementor-icon-list-icon\">\n\t\t\t\t\t\t\t<i aria-hidden=\"true\" class=\"fas fa-circle\"><\/i>\t\t\t\t\t\t<\/span>\n\t\t\t\t\t\t\t\t\t\t<span class=\"elementor-icon-list-text\">Tra\u015fs\u0131z Sa\u00e7 Ekimi<\/span>\n\t\t\t\t\t\t\t\t\t\t\t<\/a>\n\t\t\t\t\t\t\t\t\t<\/li>\n\t\t\t\t\t\t\t\t<li class=\"elementor-icon-list-item\">\n\t\t\t\t\t\t\t\t\t\t\t<a href=\"https:\/\/meltemkilic.com.tr\/tr\/hair-treatments\/hair-mesotherapy\/\">\n\n\t\t\t\t\t\t\t\t\t\t\t\t<span class=\"elementor-icon-list-icon\">\n\t\t\t\t\t\t\t<i aria-hidden=\"true\" class=\"fas fa-circle\"><\/i>\t\t\t\t\t\t<\/span>\n\t\t\t\t\t\t\t\t\t\t<span class=\"elementor-icon-list-text\">Sa\u00e7 Mezoterapisi<\/span>\n\t\t\t\t\t\t\t\t\t\t\t<\/a>\n\t\t\t\t\t\t\t\t\t<\/li>\n\t\t\t\t\t\t<\/ul>\n\t\t\t\t<\/div>\n\t\t\t\t<\/div>\n\t\t\t\t<div class=\"elementor-element elementor-element-4117cb7 elementor-widget-divider--view-line elementor-widget elementor-widget-divider\" data-id=\"4117cb7\" data-element_type=\"widget\" data-widget_type=\"divider.default\">\n\t\t\t\t<div class=\"elementor-widget-container\">\n\t\t\t<style>\/*! elementor - v3.7.1 - 14-08-2022 *\/\n.elementor-widget-divider{--divider-border-style:none;--divider-border-width:1px;--divider-color:#2c2c2c;--divider-icon-size:20px;--divider-element-spacing:10px;--divider-pattern-height:24px;--divider-pattern-size:20px;--divider-pattern-url:none;--divider-pattern-repeat:repeat-x}.elementor-widget-divider .elementor-divider{display:-webkit-box;display:-ms-flexbox;display:flex}.elementor-widget-divider .elementor-divider__text{font-size:15px;line-height:1;max-width:95%}.elementor-widget-divider .elementor-divider__element{margin:0 var(--divider-element-spacing);-ms-flex-negative:0;flex-shrink:0}.elementor-widget-divider .elementor-icon{font-size:var(--divider-icon-size)}.elementor-widget-divider .elementor-divider-separator{display:-webkit-box;display:-ms-flexbox;display:flex;margin:0;direction:ltr}.elementor-widget-divider--view-line_icon .elementor-divider-separator,.elementor-widget-divider--view-line_text .elementor-divider-separator{-webkit-box-align:center;-ms-flex-align:center;align-items:center}.elementor-widget-divider--view-line_icon .elementor-divider-separator:after,.elementor-widget-divider--view-line_icon .elementor-divider-separator:before,.elementor-widget-divider--view-line_text .elementor-divider-separator:after,.elementor-widget-divider--view-line_text .elementor-divider-separator:before{display:block;content:\"\";border-bottom:0;-webkit-box-flex:1;-ms-flex-positive:1;flex-grow:1;border-top:var(--divider-border-width) var(--divider-border-style) var(--divider-color)}.elementor-widget-divider--element-align-left .elementor-divider .elementor-divider-separator>.elementor-divider__svg:first-of-type{-webkit-box-flex:0;-ms-flex-positive:0;flex-grow:0;-ms-flex-negative:100;flex-shrink:100}.elementor-widget-divider--element-align-left .elementor-divider-separator:before{content:none}.elementor-widget-divider--element-align-left .elementor-divider__element{margin-left:0}.elementor-widget-divider--element-align-right .elementor-divider .elementor-divider-separator>.elementor-divider__svg:last-of-type{-webkit-box-flex:0;-ms-flex-positive:0;flex-grow:0;-ms-flex-negative:100;flex-shrink:100}.elementor-widget-divider--element-align-right .elementor-divider-separator:after{content:none}.elementor-widget-divider--element-align-right .elementor-divider__element{margin-right:0}.elementor-widget-divider:not(.elementor-widget-divider--view-line_text):not(.elementor-widget-divider--view-line_icon) .elementor-divider-separator{border-top:var(--divider-border-width) var(--divider-border-style) var(--divider-color)}.elementor-widget-divider--separator-type-pattern{--divider-border-style:none}.elementor-widget-divider--separator-type-pattern.elementor-widget-divider--view-line .elementor-divider-separator,.elementor-widget-divider--separator-type-pattern:not(.elementor-widget-divider--view-line) .elementor-divider-separator:after,.elementor-widget-divider--separator-type-pattern:not(.elementor-widget-divider--view-line) .elementor-divider-separator:before,.elementor-widget-divider--separator-type-pattern:not([class*=elementor-widget-divider--view]) .elementor-divider-separator{width:100%;min-height:var(--divider-pattern-height);-webkit-mask-size:var(--divider-pattern-size) 100%;mask-size:var(--divider-pattern-size) 100%;-webkit-mask-repeat:var(--divider-pattern-repeat);mask-repeat:var(--divider-pattern-repeat);background-color:var(--divider-color);-webkit-mask-image:var(--divider-pattern-url);mask-image:var(--divider-pattern-url)}.elementor-widget-divider--no-spacing{--divider-pattern-size:auto}.elementor-widget-divider--bg-round{--divider-pattern-repeat:round}.rtl .elementor-widget-divider .elementor-divider__text{direction:rtl}.e-container>.elementor-widget-divider{width:var(--container-widget-width,100%);-webkit-box-flex:1;-ms-flex-positive:1;flex-grow:1}<\/style>\t\t<div class=\"elementor-divider\">\n\t\t\t<span class=\"elementor-divider-separator\">\n\t\t\t\t\t\t<\/span>\n\t\t<\/div>\n\t\t\t\t<\/div>\n\t\t\t\t<\/div>\n\t\t\t\t<div class=\"elementor-element elementor-element-83088c5 elementor-widget elementor-widget-touchup_core_section_title\" data-id=\"83088c5\" data-element_type=\"widget\" data-widget_type=\"touchup_core_section_title.default\">\n\t\t\t\t<div class=\"elementor-widget-container\">\n\t\t\t<div class=\"qodef-shortcode qodef-m  qodef-section-title qodef-alignment--center\">\n\t\t<h3 class=\"qodef-m-title\" >\n\t\t\t\t\t\u0130leti\u015fim Formu\t\t\t<\/h3>\n\t<\/div>\t\t<\/div>\n\t\t\t\t<\/div>\n\t\t\t\t<div class=\"elementor-element elementor-element-8429956 elementor-widget elementor-widget-qi_addons_for_elementor_contact_form_7\" data-id=\"8429956\" data-element_type=\"widget\" data-widget_type=\"qi_addons_for_elementor_contact_form_7.default\">\n\t\t\t\t<div class=\"elementor-widget-container\">\n\t\t\t<div class=\"qodef-shortcode qodef-m  qodef-qi-contact-form-7\">\n\t<div role=\"form\" class=\"wpcf7\" id=\"wpcf7-f3566-o1\" lang=\"en-US\" dir=\"ltr\">\n<div class=\"screen-reader-response\"><p role=\"status\" aria-live=\"polite\" aria-atomic=\"true\"><\/p> <ul><\/ul><\/div>\n<form action=\"\/tr\/wp-json\/wp\/v2\/pages\/9396#wpcf7-f3566-o1\" method=\"post\" class=\"wpcf7-form init\" novalidate=\"novalidate\" data-status=\"init\" data-trp-original-action=\"\/tr\/wp-json\/wp\/v2\/pages\/9396#wpcf7-f3566-o1\">\n<div style=\"display: none;\">\n<input type=\"hidden\" name=\"_wpcf7\" value=\"3566\" \/>\n<input type=\"hidden\" name=\"_wpcf7_version\" value=\"5.6.2\" \/>\n<input type=\"hidden\" name=\"_wpcf7_locale\" value=\"en_US\" \/>\n<input type=\"hidden\" name=\"_wpcf7_unit_tag\" value=\"wpcf7-f3566-o1\" \/>\n<input type=\"hidden\" name=\"_wpcf7_container_post\" value=\"0\" \/>\n<input type=\"hidden\" name=\"_wpcf7_posted_data_hash\" value=\"\" \/>\n<\/div>\n<div class=\"contact-us\">\n    <div><span class=\"wpcf7-form-control-wrap\" data-name=\"your-name\"><input type=\"text\" name=\"your-name\" value=\"\" size=\"40\" class=\"wpcf7-form-control wpcf7-text wpcf7-validates-as-required\" aria-required=\"true\" aria-invalid=\"false\" placeholder=\"\u0130sim\" \/><\/span><\/div>\n    <div><span class=\"wpcf7-form-control-wrap\" data-name=\"your-e-mail\"><input type=\"email\" name=\"your-e-mail\" value=\"\" size=\"40\" class=\"wpcf7-form-control wpcf7-text wpcf7-email wpcf7-validates-as-email\" aria-invalid=\"false\" placeholder=\"E-Mail\" \/><\/span><\/div>\n    <div><span class=\"wpcf7-form-control-wrap\" data-name=\"your-message\"><textarea name=\"your-message\" cols=\"40\" rows=\"5\" class=\"wpcf7-form-control wpcf7-textarea\" aria-invalid=\"false\">Message<\/textarea><\/span><\/div>\n    <button type=\"submit\" class=\"wpcf7-form-control wpcf7-submit qodef-button qodef-size--normal qodef-type--filled qodef-m\"><span class=\"qodef-m-text\">G\u00f6nder<\/span><\/button>\n<\/div><div class=\"wpcf7-response-output\" aria-hidden=\"true\"><\/div><input type=\"hidden\" name=\"trp-form-language\" value=\"tr\"\/><\/form><\/div><\/div>\n\t\t<\/div>\n\t\t\t\t<\/div>\n\t\t\t\t\t<\/div>\n\t\t<\/div>\n\t\t\t\t\t\t\t<\/div>\n\t\t<\/section>\n\t\t\t\t\t\t\t<\/div>","protected":false},"excerpt":{"rendered":"<p>Microfue Hair Transplantation E verything you wonder about micro FUE hair transplantation is in this article. Thanks to the FUE hair transplant technique, the use of stitches and scalpels in hair transplantation has been eliminated. The FUE technique has pioneered many innovations in the field of hair transplantation. In the FUE technique, hair follicles can [&hellip;]<\/p>","protected":false},"author":1,"featured_media":0,"parent":9387,"menu_order":0,"comment_status":"closed","ping_status":"closed","template":"","meta":{"footnotes":""},"class_list":["post-9396","page","type-page","status-publish","hentry"],"_links":{"self":[{"href":"https:\/\/meltemkilic.com.tr\/tr\/wp-json\/wp\/v2\/pages\/9396","targetHints":{"allow":["GET"]}}],"collection":[{"href":"https:\/\/meltemkilic.com.tr\/tr\/wp-json\/wp\/v2\/pages"}],"about":[{"href":"https:\/\/meltemkilic.com.tr\/tr\/wp-json\/wp\/v2\/types\/page"}],"author":[{"embeddable":true,"href":"https:\/\/meltemkilic.com.tr\/tr\/wp-json\/wp\/v2\/users\/1"}],"replies":[{"embeddable":true,"href":"https:\/\/meltemkilic.com.tr\/tr\/wp-json\/wp\/v2\/comments?post=9396"}],"version-history":[{"count":19,"href":"https:\/\/meltemkilic.com.tr\/tr\/wp-json\/wp\/v2\/pages\/9396\/revisions"}],"predecessor-version":[{"id":10104,"href":"https:\/\/meltemkilic.com.tr\/tr\/wp-json\/wp\/v2\/pages\/9396\/revisions\/10104"}],"up":[{"embeddable":true,"href":"https:\/\/meltemkilic.com.tr\/tr\/wp-json\/wp\/v2\/pages\/9387"}],"wp:attachment":[{"href":"https:\/\/meltemkilic.com.tr\/tr\/wp-json\/wp\/v2\/media?parent=9396"}],"curies":[{"name":"wp","href":"https:\/\/api.w.org\/{rel}","templated":true}]}}