{"id":10223,"date":"2025-06-03T06:45:34","date_gmt":"2025-06-03T06:45:34","guid":{"rendered":"https:\/\/aestheticsizmir.com\/?page_id=10223"},"modified":"2025-06-03T06:51:12","modified_gmt":"2025-06-03T06:51:12","slug":"doktor-meltem-kilic","status":"publish","type":"page","link":"https:\/\/meltemkilic.com.tr\/tr\/doktor-meltem-kilic\/","title":{"rendered":"Doktor Meltem K\u0131l\u0131\u00e7"},"content":{"rendered":"<div data-elementor-type=\"wp-page\" data-elementor-id=\"10223\" class=\"elementor elementor-10223\">\n\t\t\t\t\t\t\t\t\t<section class=\"elementor-section elementor-top-section elementor-element elementor-element-3c191f9 elementor-section-boxed elementor-section-height-default elementor-section-height-default qodef-elementor-content-no\" data-id=\"3c191f9\" data-element_type=\"section\">\n\t\t\t\t\t\t<div class=\"elementor-container elementor-column-gap-default\">\n\t\t\t\t\t<div class=\"elementor-column elementor-col-100 elementor-top-column elementor-element elementor-element-ad32f9d\" data-id=\"ad32f9d\" data-element_type=\"column\">\n\t\t\t<div class=\"elementor-widget-wrap elementor-element-populated\">\n\t\t\t\t\t\t\t\t<div class=\"elementor-element elementor-element-06d545b elementor-widget elementor-widget-touchup_core_section_title\" data-id=\"06d545b\" data-element_type=\"widget\" data-widget_type=\"touchup_core_section_title.default\">\n\t\t\t\t<div class=\"elementor-widget-container\">\n\t\t\t<div class=\"qodef-shortcode qodef-m  qodef-section-title qodef-alignment--center\">\n\t\t<h1 class=\"qodef-m-title\" >\n\t\t\t\t\tOp.Dr. Meltem K\u0131l\u0131\u00e7\t\t\t<\/h1>\n\t<\/div>\t\t<\/div>\n\t\t\t\t<\/div>\n\t\t\t\t\t<\/div>\n\t\t<\/div>\n\t\t\t\t\t\t\t<\/div>\n\t\t<\/section>\n\t\t\t\t<section class=\"elementor-section elementor-top-section elementor-element elementor-element-9bd765f elementor-section-boxed elementor-section-height-default elementor-section-height-default qodef-elementor-content-no\" data-id=\"9bd765f\" data-element_type=\"section\">\n\t\t\t\t\t\t<div class=\"elementor-container elementor-column-gap-default\">\n\t\t\t\t\t<div class=\"elementor-column elementor-col-50 elementor-top-column elementor-element elementor-element-72759fd\" data-id=\"72759fd\" data-element_type=\"column\">\n\t\t\t<div class=\"elementor-widget-wrap elementor-element-populated\">\n\t\t\t\t\t\t\t\t<div class=\"elementor-element elementor-element-82bc643 elementor-widget elementor-widget-image\" data-id=\"82bc643\" data-element_type=\"widget\" data-widget_type=\"image.default\">\n\t\t\t\t<div class=\"elementor-widget-container\">\n\t\t\t<style>\/*! elementor - v3.7.1 - 14-08-2022 *\/\n.elementor-widget-image{text-align:center}.elementor-widget-image a{display:inline-block}.elementor-widget-image a img[src$=\".svg\"]{width:48px}.elementor-widget-image img{vertical-align:middle;display:inline-block}<\/style>\t\t\t\t\t\t\t\t\t\t\t\t<img loading=\"lazy\" decoding=\"async\" width=\"529\" height=\"530\" src=\"https:\/\/meltemkilic.com.tr\/wp-content\/uploads\/2025\/06\/Meltem-Hoca.jpg\" class=\"attachment-large size-large\" alt=\"\" srcset=\"https:\/\/meltemkilic.com.tr\/wp-content\/uploads\/2025\/06\/Meltem-Hoca.jpg 529w, https:\/\/meltemkilic.com.tr\/wp-content\/uploads\/2025\/06\/Meltem-Hoca-300x300.jpg 300w, https:\/\/meltemkilic.com.tr\/wp-content\/uploads\/2025\/06\/Meltem-Hoca-150x150.jpg 150w, https:\/\/meltemkilic.com.tr\/wp-content\/uploads\/2025\/06\/Meltem-Hoca-24x24.jpg 24w, https:\/\/meltemkilic.com.tr\/wp-content\/uploads\/2025\/06\/Meltem-Hoca-36x36.jpg 36w, https:\/\/meltemkilic.com.tr\/wp-content\/uploads\/2025\/06\/Meltem-Hoca-48x48.jpg 48w, https:\/\/meltemkilic.com.tr\/wp-content\/uploads\/2025\/06\/Meltem-Hoca-100x100.jpg 100w\" sizes=\"auto, (max-width: 529px) 100vw, 529px\" \/>\t\t\t\t\t\t\t\t\t\t\t\t\t\t\t<\/div>\n\t\t\t\t<\/div>\n\t\t\t\t\t<\/div>\n\t\t<\/div>\n\t\t\t\t<div class=\"elementor-column elementor-col-50 elementor-top-column elementor-element elementor-element-2ac058a\" data-id=\"2ac058a\" data-element_type=\"column\">\n\t\t\t<div class=\"elementor-widget-wrap elementor-element-populated\">\n\t\t\t\t\t\t\t\t<div class=\"elementor-element elementor-element-c29193c elementor-widget elementor-widget-touchup_core_section_title\" data-id=\"c29193c\" data-element_type=\"widget\" data-widget_type=\"touchup_core_section_title.default\">\n\t\t\t\t<div class=\"elementor-widget-container\">\n\t\t\t<div class=\"qodef-shortcode qodef-m  qodef-section-title qodef-alignment--left\">\n\t\t<h3 class=\"qodef-m-title\" >\n\t\t\t\t\tE\u011fitim\t\t\t<\/h3>\n\t<\/div>\t\t<\/div>\n\t\t\t\t<\/div>\n\t\t\t\t<div class=\"elementor-element elementor-element-7df91b8 elementor-widget elementor-widget-text-editor\" data-id=\"7df91b8\" data-element_type=\"widget\" data-widget_type=\"text-editor.default\">\n\t\t\t\t<div class=\"elementor-widget-container\">\n\t\t\t<style>\/*! elementor - v3.7.1 - 14-08-2022 *\/\n.elementor-widget-text-editor.elementor-drop-cap-view-stacked .elementor-drop-cap{background-color:#818a91;color:#fff}.elementor-widget-text-editor.elementor-drop-cap-view-framed .elementor-drop-cap{color:#818a91;border:3px solid;background-color:transparent}.elementor-widget-text-editor:not(.elementor-drop-cap-view-default) .elementor-drop-cap{margin-top:8px}.elementor-widget-text-editor:not(.elementor-drop-cap-view-default) .elementor-drop-cap-letter{width:1em;height:1em}.elementor-widget-text-editor .elementor-drop-cap{float:left;text-align:center;line-height:1;font-size:50px}.elementor-widget-text-editor .elementor-drop-cap-letter{display:inline-block}<\/style>\t\t\t\t<p>1992- 1998\u00a0\u00a0\u00a0\u00a0\u00a0\u00a0\u00a0\u00a0 : Ankara \u00dcniversitesi T\u0131p Fak\u00fcltesi<\/p><p>1998- 1999 \u00a0\u00a0\u00a0\u00a0\u00a0\u00a0 \u00a0: A\u00dcTF N\u00f6ro\u015fir\u00fcrji klini\u011fi<\/p><p>1999- 2005\u00a0\u00a0\u00a0\u00a0\u00a0\u00a0\u00a0\u00a0 : \u0130zmir Atat\u00fcrk E\u011fitim ve Ara\u015ft\u0131rma Hastanesi Plastik ve Rekonstr\u00fcktif cerrahi<\/p><p>klini\u011fi<\/p>\t\t\t\t\t\t<\/div>\n\t\t\t\t<\/div>\n\t\t\t\t<div class=\"elementor-element elementor-element-c825aa9 elementor-widget elementor-widget-touchup_core_section_title\" data-id=\"c825aa9\" data-element_type=\"widget\" data-widget_type=\"touchup_core_section_title.default\">\n\t\t\t\t<div class=\"elementor-widget-container\">\n\t\t\t<div class=\"qodef-shortcode qodef-m  qodef-section-title qodef-alignment--left\">\n\t\t<h3 class=\"qodef-m-title\" >\n\t\t\t\t\tDeneyim\t\t\t<\/h3>\n\t<\/div>\t\t<\/div>\n\t\t\t\t<\/div>\n\t\t\t\t<div class=\"elementor-element elementor-element-6843799 elementor-widget elementor-widget-text-editor\" data-id=\"6843799\" data-element_type=\"widget\" data-widget_type=\"text-editor.default\">\n\t\t\t\t<div class=\"elementor-widget-container\">\n\t\t\t\t\t\t\t<p>2005- 2011: Ayd\u0131n Atat\u00fcrk Devlet Hastanesi Plastik ve Rekonstr\u00fcktif Cerrahi Klini\u011fi<\/p><p>2011- 2013: \u00d6zel Universal Ku\u015fadas\u0131 Hastanesi<\/p><p>2013- 2014: \u00d6zel G\u00f6zde Hastanesi<\/p><p>2014- 2016: \u00d6zel muayenehane<\/p><p>2025 &#8211;\u00a0 \u00a0 \u00a0 \u00a0 \u00a0 : Aesthetics\u0130zmir \/ \u00d6zel Muayenehane<\/p>\t\t\t\t\t\t<\/div>\n\t\t\t\t<\/div>\n\t\t\t\t\t<\/div>\n\t\t<\/div>\n\t\t\t\t\t\t\t<\/div>\n\t\t<\/section>\n\t\t\t\t\t\t\t<\/div>","protected":false},"excerpt":{"rendered":"<p>Op.Dr. Meltem K\u0131l\u0131\u00e7 E\u011fitim 1992- 1998\u00a0\u00a0\u00a0\u00a0\u00a0\u00a0\u00a0\u00a0 : Ankara \u00dcniversitesi T\u0131p Fak\u00fcltesi 1998- 1999 \u00a0\u00a0\u00a0\u00a0\u00a0\u00a0 \u00a0: A\u00dcTF N\u00f6ro\u015fir\u00fcrji klini\u011fi 1999- 2005\u00a0\u00a0\u00a0\u00a0\u00a0\u00a0\u00a0\u00a0 : \u0130zmir Atat\u00fcrk E\u011fitim ve Ara\u015ft\u0131rma Hastanesi Plastik ve Rekonstr\u00fcktif cerrahi klini\u011fi Deneyim 2005- 2011: Ayd\u0131n Atat\u00fcrk Devlet Hastanesi Plastik ve Rekonstr\u00fcktif Cerrahi Klini\u011fi 2011- 2013: \u00d6zel Universal Ku\u015fadas\u0131 Hastanesi 2013- 2014: \u00d6zel G\u00f6zde Hastanesi [&hellip;]<\/p>","protected":false},"author":1,"featured_media":0,"parent":0,"menu_order":0,"comment_status":"closed","ping_status":"closed","template":"","meta":{"footnotes":""},"class_list":["post-10223","page","type-page","status-publish","hentry"],"_links":{"self":[{"href":"https:\/\/meltemkilic.com.tr\/tr\/wp-json\/wp\/v2\/pages\/10223","targetHints":{"allow":["GET"]}}],"collection":[{"href":"https:\/\/meltemkilic.com.tr\/tr\/wp-json\/wp\/v2\/pages"}],"about":[{"href":"https:\/\/meltemkilic.com.tr\/tr\/wp-json\/wp\/v2\/types\/page"}],"author":[{"embeddable":true,"href":"https:\/\/meltemkilic.com.tr\/tr\/wp-json\/wp\/v2\/users\/1"}],"replies":[{"embeddable":true,"href":"https:\/\/meltemkilic.com.tr\/tr\/wp-json\/wp\/v2\/comments?post=10223"}],"version-history":[{"count":4,"href":"https:\/\/meltemkilic.com.tr\/tr\/wp-json\/wp\/v2\/pages\/10223\/revisions"}],"predecessor-version":[{"id":10228,"href":"https:\/\/meltemkilic.com.tr\/tr\/wp-json\/wp\/v2\/pages\/10223\/revisions\/10228"}],"wp:attachment":[{"href":"https:\/\/meltemkilic.com.tr\/tr\/wp-json\/wp\/v2\/media?parent=10223"}],"curies":[{"name":"wp","href":"https:\/\/api.w.org\/{rel}","templated":true}]}}